{"id":1362,"date":"2022-08-18T12:44:26","date_gmt":"2022-08-18T12:44:26","guid":{"rendered":"https:\/\/www.home-of-famas.com\/?page_id=1362"},"modified":"2025-07-19T07:02:12","modified_gmt":"2025-07-19T07:02:12","slug":"impressum","status":"publish","type":"page","link":"https:\/\/www.home-of-famas.com\/de\/impressum\/","title":{"rendered":"Impressum"},"content":{"rendered":"<div data-elementor-type=\"wp-page\" data-elementor-id=\"1362\" class=\"elementor elementor-1362\">\n\t\t\t\t\t\t<section class=\"elementor-section elementor-top-section elementor-element elementor-element-1f307dd elementor-section-boxed elementor-section-height-default elementor-section-height-default\" data-id=\"1f307dd\" data-element_type=\"section\" data-e-type=\"section\">\n\t\t\t\t\t\t<div class=\"elementor-container elementor-column-gap-default\">\n\t\t\t\t\t<div class=\"elementor-column elementor-col-100 elementor-top-column elementor-element elementor-element-9d55457\" data-id=\"9d55457\" data-element_type=\"column\" data-e-type=\"column\">\n\t\t\t<div class=\"elementor-widget-wrap elementor-element-populated\">\n\t\t\t\t\t\t<div class=\"elementor-element elementor-element-e50e76d elementor-widget elementor-widget-heading\" data-id=\"e50e76d\" data-element_type=\"widget\" data-e-type=\"widget\" data-widget_type=\"heading.default\">\n\t\t\t\t<div class=\"elementor-widget-container\">\n\t\t\t\t\t<h1 class=\"elementor-heading-title elementor-size-small\">Impressum<\/h1>\t\t\t\t<\/div>\n\t\t\t\t<\/div>\n\t\t\t\t\t<\/div>\n\t\t<\/div>\n\t\t\t\t\t<\/div>\n\t\t<\/section>\n\t\t\t\t<section class=\"elementor-section elementor-top-section elementor-element elementor-element-64ddffe elementor-section-boxed elementor-section-height-default elementor-section-height-default\" data-id=\"64ddffe\" data-element_type=\"section\" data-e-type=\"section\">\n\t\t\t\t\t\t<div class=\"elementor-container elementor-column-gap-default\">\n\t\t\t\t\t<div class=\"elementor-column elementor-col-100 elementor-top-column elementor-element elementor-element-889f579\" data-id=\"889f579\" data-element_type=\"column\" data-e-type=\"column\">\n\t\t\t<div class=\"elementor-widget-wrap elementor-element-populated\">\n\t\t\t\t\t\t<div class=\"elementor-element elementor-element-301d7af elementor-widget elementor-widget-text-editor\" data-id=\"301d7af\" data-element_type=\"widget\" data-e-type=\"widget\" data-widget_type=\"text-editor.default\">\n\t\t\t\t<div class=\"elementor-widget-container\">\n\t\t\t\t\t\t\t\t\t<p>Gunpoint GmbH<br \/>Demminer Str. 32<br \/>17389 Anklam<br \/>Deutschland<\/p><p>Tel.: 03971 \/ 23040 - 90<br \/>E-Mail: support@gunpoint.de<\/p><p>Registergericht: Amtsgericht Neubrandenburg<br \/>Registernummer: HRB 21031<\/p><p>Gesch\u00e4ftsf\u00fchrender Direktor: Swen Eisenmann<\/p><p>Umsatzsteuer-Identifikationsnummer: DE327762155<\/p><p>Wir sind weder verpflichtet noch bereit, an einem Streitbeilegungsverfahren vor einer Verbraucherschlichtungsstelle teilzunehmen.<\/p><p>Zust\u00e4ndige Aufsichtsbeh\u00f6rde: Landkreis Vorpommern-Greifswald, Waffenbeh\u00f6rde SBin, Jahnstra\u00dfe 1-4, 17389 Anklam<\/p>\t\t\t\t\t\t\t\t<\/div>\n\t\t\t\t<\/div>\n\t\t\t\t\t<\/div>\n\t\t<\/div>\n\t\t\t\t\t<\/div>\n\t\t<\/section>\n\t\t\t\t<\/div>","protected":false},"excerpt":{"rendered":"<p>Impressum Gunpoint GmbHDemminer Str. 3217389 AnklamDeutschland Tel.: 03971 \/ 23040 - 90E-Mail: support@gunpoint.de Registergericht: ... <a title=\"Impressum\" class=\"read-more\" href=\"https:\/\/www.home-of-famas.com\/de\/impressum\/\" aria-label=\"Mehr Informationen \u00fcber Impressum\">Weiterlesen ...<\/a><\/p>","protected":false},"author":3,"featured_media":0,"parent":0,"menu_order":0,"comment_status":"closed","ping_status":"closed","template":"elementor_canvas","meta":{"footnotes":""},"class_list":["post-1362","page","type-page","status-publish"],"_links":{"self":[{"href":"https:\/\/www.home-of-famas.com\/de\/wp-json\/wp\/v2\/pages\/1362","targetHints":{"allow":["GET"]}}],"collection":[{"href":"https:\/\/www.home-of-famas.com\/de\/wp-json\/wp\/v2\/pages"}],"about":[{"href":"https:\/\/www.home-of-famas.com\/de\/wp-json\/wp\/v2\/types\/page"}],"author":[{"embeddable":true,"href":"https:\/\/www.home-of-famas.com\/de\/wp-json\/wp\/v2\/users\/3"}],"replies":[{"embeddable":true,"href":"https:\/\/www.home-of-famas.com\/de\/wp-json\/wp\/v2\/comments?post=1362"}],"version-history":[{"count":0,"href":"https:\/\/www.home-of-famas.com\/de\/wp-json\/wp\/v2\/pages\/1362\/revisions"}],"wp:attachment":[{"href":"https:\/\/www.home-of-famas.com\/de\/wp-json\/wp\/v2\/media?parent=1362"}],"curies":[{"name":"wp","href":"https:\/\/api.w.org\/{rel}","templated":true}]}}