{"id":1846,"date":"2022-09-06T14:00:04","date_gmt":"2022-09-06T14:00:04","guid":{"rendered":"https:\/\/www.home-of-famas.com\/?page_id=1846"},"modified":"2022-10-07T10:15:42","modified_gmt":"2022-10-07T10:15:42","slug":"real-steel-facts","status":"publish","type":"page","link":"https:\/\/www.home-of-famas.com\/de\/real-steel-facts\/","title":{"rendered":"Real-Steel-Facts"},"content":{"rendered":"<div data-elementor-type=\"wp-page\" data-elementor-id=\"1846\" class=\"elementor elementor-1846\">\n\t\t\t\t\t\t<section class=\"elementor-section elementor-top-section elementor-element elementor-element-4453ced elementor-section-boxed elementor-section-height-default elementor-section-height-default\" data-id=\"4453ced\" data-element_type=\"section\" data-e-type=\"section\">\n\t\t\t\t\t\t<div class=\"elementor-container elementor-column-gap-default\">\n\t\t\t\t\t<div class=\"elementor-column elementor-col-100 elementor-top-column elementor-element elementor-element-31d266d\" data-id=\"31d266d\" data-element_type=\"column\" data-e-type=\"column\">\n\t\t\t<div class=\"elementor-widget-wrap elementor-element-populated\">\n\t\t\t\t\t\t<div class=\"elementor-element elementor-element-dabeb8a elementor-align-center elementor-widget elementor-widget-button\" data-id=\"dabeb8a\" data-element_type=\"widget\" data-e-type=\"widget\" data-widget_type=\"button.default\">\n\t\t\t\t<div class=\"elementor-widget-container\">\n\t\t\t\t\t\t\t\t\t<div class=\"elementor-button-wrapper\">\n\t\t\t\t\t<a class=\"elementor-button elementor-button-link elementor-size-sm\" href=\"https:\/\/www.home-of-famas.com\/de\/home\/\">\n\t\t\t\t\t\t<span class=\"elementor-button-content-wrapper\">\n\t\t\t\t\t\t\t\t\t<span class=\"elementor-button-text\">Startseite<\/span>\n\t\t\t\t\t<\/span>\n\t\t\t\t\t<\/a>\n\t\t\t\t<\/div>\n\t\t\t\t\t\t\t\t<\/div>\n\t\t\t\t<\/div>\n\t\t\t\t\t<\/div>\n\t\t<\/div>\n\t\t\t\t\t<\/div>\n\t\t<\/section>\n\t\t\t\t<section class=\"elementor-section elementor-top-section elementor-element elementor-element-5dd82dd elementor-section-boxed elementor-section-height-default elementor-section-height-default\" data-id=\"5dd82dd\" data-element_type=\"section\" data-e-type=\"section\">\n\t\t\t\t\t\t<div class=\"elementor-container elementor-column-gap-default\">\n\t\t\t\t\t<div class=\"elementor-column elementor-col-50 elementor-top-column elementor-element elementor-element-7e4faba\" data-id=\"7e4faba\" data-element_type=\"column\" data-e-type=\"column\">\n\t\t\t<div class=\"elementor-widget-wrap elementor-element-populated\">\n\t\t\t\t\t\t<div class=\"elementor-element elementor-element-fb8c143 elementor-widget elementor-widget-heading\" data-id=\"fb8c143\" data-element_type=\"widget\" data-e-type=\"widget\" data-widget_type=\"heading.default\">\n\t\t\t\t<div class=\"elementor-widget-container\">\n\t\t\t\t\t<h1 class=\"elementor-heading-title elementor-size-default\">Spezifikationen<\/h1>\t\t\t\t<\/div>\n\t\t\t\t<\/div>\n\t\t\t\t<div class=\"elementor-element elementor-element-6ade9fb elementor-widget elementor-widget-text-editor\" data-id=\"6ade9fb\" data-element_type=\"widget\" data-e-type=\"widget\" data-widget_type=\"text-editor.default\">\n\t\t\t\t<div class=\"elementor-widget-container\">\n\t\t\t\t\t\t\t\t\t<ul><li>Land: Frankreich<\/li><li>Feuermodi: Drei-Schuss-Salve \/ Halbautomatik \/ Automatik<\/li><li>Spezifikation: Sturmgewehr<\/li><li>Munition: 5,56 \u00d7 45 mm (F1) \/ 5,56 \u00d7 45 mm NATO (G2)<\/li><li>Hersteller: Manufacture nationale d'armes de St-Etienne -&gt; damals GIAT Industries -&gt; heute Nexter - Systems<\/li><li>Zeitraum: Entwicklung ab 1967, erste Bestellung 1978, Auslieferung ab 1979 (Version F1) und 1995 (Version G2)<\/li><\/ul><p style=\"text-align: center;\"><br \/><span style=\"text-decoration: underline;\"><strong>Gewicht und Abmessungen<\/strong><\/span><\/p><ul><li>Gewicht (ungeladen): 3.780 kg (F1) \/ 3.747 kg (G2)<\/li><li>Gewicht (geladen): 4.370 kg (F1) \/ 4.170 kg (G2)<\/li><li>L\u00e4nge: 757 mm<\/li><\/ul><p style=\"text-align: center;\"><strong>Technische Daten<\/strong><\/p><ul><li>Typ: Bullpup<\/li><li>System: Verz\u00f6gerter Masseverschluss \/ R\u00fccksto\u00dflader<\/li><li>Offene Visiere<\/li><li>Kaliber: 5,56 x 45 mm<\/li><li>L\u00e4nge des Laufs: 488 mm<\/li><li>Laufdrall: rechts<\/li><li>Maximale Reichweite 3.200 m<\/li><li>Kampf Distanz 300 m<\/li><li>Feuerrate: 1.050 Schuss\/min (F1) \/ 1.150 Schuss\/min (G2)<\/li><li>V0: 960 m\/s (F1) \/ 925 m\/s (G2)<\/li><li>Magazinkapazit\u00e4t: 25 Schuss (F1) \/ 30 Schuss (G2)<\/li><\/ul><p style=\"text-align: center;\"><br \/><span style=\"text-decoration: underline;\"><strong>Varianten<\/strong><\/span><\/p><ul><li>FAMAS F1<\/li><li>FAMAS G1<\/li><li>FAMAS G2<\/li><li>FAMAS Feline<\/li><li>FAMAS Command<\/li><li>FAMAS Civil<\/li><li>FAMAS Exportversion<\/li><li>FAMAS Low Profile<\/li><\/ul><p style=\"text-align: center;\"><span style=\"text-decoration: underline;\"><strong>Kosten<\/strong><\/span><\/p><ul><li>F1 Version: ca. 1.500,00 \u20ac<\/li><li>G2 Version: ca. 3.000,00 \u20ac<\/li><\/ul>\t\t\t\t\t\t\t\t<\/div>\n\t\t\t\t<\/div>\n\t\t\t\t\t<\/div>\n\t\t<\/div>\n\t\t\t\t<div class=\"elementor-column elementor-col-50 elementor-top-column elementor-element elementor-element-85787d2\" data-id=\"85787d2\" data-element_type=\"column\" data-e-type=\"column\">\n\t\t\t<div class=\"elementor-widget-wrap elementor-element-populated\">\n\t\t\t\t\t\t<div class=\"elementor-element elementor-element-3ed1ccf elementor-widget elementor-widget-heading\" data-id=\"3ed1ccf\" data-element_type=\"widget\" data-e-type=\"widget\" data-widget_type=\"heading.default\">\n\t\t\t\t<div class=\"elementor-widget-container\">\n\t\t\t\t\t<h1 class=\"elementor-heading-title elementor-size-default\">Geschichte<\/h1>\t\t\t\t<\/div>\n\t\t\t\t<\/div>\n\t\t\t\t<div class=\"elementor-element elementor-element-e6ba3ba elementor-widget elementor-widget-image\" data-id=\"e6ba3ba\" data-element_type=\"widget\" data-e-type=\"widget\" data-widget_type=\"image.default\">\n\t\t\t\t<div class=\"elementor-widget-container\">\n\t\t\t\t\t\t\t\t\t\t\t\t\t\t\t<img fetchpriority=\"high\" decoding=\"async\" width=\"1024\" height=\"678\" src=\"https:\/\/www.home-of-famas.com\/wp-content\/uploads\/2022\/08\/shutterstock_105885359-1024x678.jpg\" class=\"attachment-large size-large wp-image-1099\" alt=\"\" srcset=\"\" sizes=\"(max-width: 1024px) 100vw, 1024px\" data-srcset=\"\" \/>\t\t\t\t\t\t\t\t\t\t\t\t\t\t\t<\/div>\n\t\t\t\t<\/div>\n\t\t\t\t<div class=\"elementor-element elementor-element-3bce8b0 elementor-widget elementor-widget-text-editor\" data-id=\"3bce8b0\" data-element_type=\"widget\" data-e-type=\"widget\" data-widget_type=\"text-editor.default\">\n\t\t\t\t<div class=\"elementor-widget-container\">\n\t\t\t\t\t\t\t\t\t<p>Das FAMAS wurde in den 1970er Jahren von der franz\u00f6sischen Armee in Auftrag gegeben und erf\u00fcllte den Wunsch nach einer leistungsf\u00e4higen taktischen Waffe, die klein und einfach zu bedienen und zu warten ist. Das FAMAS ersetzte das Gewehr FSA MAS 1949-56 im Kaliber 7,5 mm und die Maschinenpistole MAT 49 im Kaliber 9 \u00d7 19 mm Parabellum.<\/p><p>Die erste Version des FAMAS, F1 genannt, wird mehr als 400.000 Mal in Frankreich und in einigen anderen L\u00e4ndern (Dschibuti, Gabun, Senegal und Vereinigte Arabische Emirate) verkauft und manchmal an verb\u00fcndete L\u00e4nder abgegeben. Giat Industries produziert dann eine G1-Variante, die als \u00dcbergang zur G2 dient. Letztere entspricht der NATO-Norm STANAG 4719. In Frankreich ist die G2 bei der franz\u00f6sischen Marine im Einsatz.<\/p><p>Entwickelt als das modernste seiner Zeit, aber kompliziert zu warten, wurde diese Waffe wegen ihrer hohen Kosten (fast doppelt so hoch wie ein amerikanisches M16-Sturmgewehr) von keinem anderen Land in gro\u00dfem Umfang gekauft. Dar\u00fcber hinaus hatte der franz\u00f6sische Generalstab anfangs Anfragen f\u00fcr den Export dieser Waffe abgelehnt, um die Bed\u00fcrfnisse der franz\u00f6sischen Armee schnell zu befriedigen, da die westlichen Armeen zu dieser Zeit h\u00e4ufig Waffen amerikanischer, belgischer (FN) oder \u00f6sterreichischer (Steyr AUG) Herkunft verwendeten.<\/p>\t\t\t\t\t\t\t\t<\/div>\n\t\t\t\t<\/div>\n\t\t\t\t<div class=\"elementor-element elementor-element-72d7af0 elementor-widget elementor-widget-image\" data-id=\"72d7af0\" data-element_type=\"widget\" data-e-type=\"widget\" data-widget_type=\"image.default\">\n\t\t\t\t<div class=\"elementor-widget-container\">\n\t\t\t\t\t\t\t\t\t\t\t\t\t\t\t<img decoding=\"async\" width=\"1024\" height=\"684\" src=\"https:\/\/www.home-of-famas.com\/wp-content\/uploads\/2022\/09\/shutterstock_1121662637-1024x684.jpg\" class=\"attachment-large size-large wp-image-1878\" alt=\"\" srcset=\"\" sizes=\"(max-width: 1024px) 100vw, 1024px\" data-srcset=\"\" \/>\t\t\t\t\t\t\t\t\t\t\t\t\t\t\t<\/div>\n\t\t\t\t<\/div>\n\t\t\t\t\t<\/div>\n\t\t<\/div>\n\t\t\t\t\t<\/div>\n\t\t<\/section>\n\t\t\t\t<section class=\"elementor-section elementor-top-section elementor-element elementor-element-a9fa035 elementor-section-boxed elementor-section-height-default elementor-section-height-default\" data-id=\"a9fa035\" data-element_type=\"section\" data-e-type=\"section\">\n\t\t\t\t\t\t<div class=\"elementor-container elementor-column-gap-default\">\n\t\t\t\t\t<div class=\"elementor-column elementor-col-100 elementor-top-column elementor-element elementor-element-df04545\" data-id=\"df04545\" data-element_type=\"column\" data-e-type=\"column\">\n\t\t\t<div class=\"elementor-widget-wrap elementor-element-populated\">\n\t\t\t\t\t\t<div class=\"elementor-element elementor-element-8f5ce05 elementor-widget elementor-widget-heading\" data-id=\"8f5ce05\" data-element_type=\"widget\" data-e-type=\"widget\" data-widget_type=\"heading.default\">\n\t\t\t\t<div class=\"elementor-widget-container\">\n\t\t\t\t\t<h2 class=\"elementor-heading-title elementor-size-default\">Zwischen 1980 und 2015 wurde das FAMAS von franz\u00f6sischen Soldaten bei verschiedenen Milit\u00e4roperationen eingesetzt.<\/h2>\t\t\t\t<\/div>\n\t\t\t\t<\/div>\n\t\t\t\t<div class=\"elementor-element elementor-element-985908d elementor-widget elementor-widget-text-editor\" data-id=\"985908d\" data-element_type=\"widget\" data-e-type=\"widget\" data-widget_type=\"text-editor.default\">\n\t\t\t\t<div class=\"elementor-widget-container\">\n\t\t\t\t\t\t\t\t\t<ul><li>1982: Multinationale Sicherheitskr\u00e4fte in Beirut (FMSB) im Libanon, dann Interimstruppe der Vereinten Nationen im Libanon (UNIFIL).<\/li><li>1983-1984: Operation Manta im Tschad.<\/li><li>1986-2014: Operation Sparrowhawk (2014 durch die Operation Barkhane ersetzt) im Tschad.<\/li><li>1992-1999: Iskoutir-Einsatz in Dschibuti.<\/li><li>1990 und 1992: Operation Noro\u00eet in Ruanda.<\/li><li>1992: UN Sarajevo Force in Bosnien.<\/li><li>1995-1996: Stabilisierungstruppe (SFOR) und Implementierungstruppe (IFOR) in Bosnien und Herzegowina.<\/li><li>1996: Almandin-Einsatz in der Zentralafrikanischen Republik.<\/li><li>1997: Pelikan-Einsatz in der Republik Kongo.<\/li><li>2000: Kosovo Force (KFOR) im Kosovo.<\/li><li>Von 2003 bis 2014: Krieg in Afghanistan.<\/li><li>2002, 2004, 2006 und 2010: Operation Licorne in der Republik C\u00f4te d'Ivoire.<\/li><li>Seit 2013: Operation Serval (damals Barkhane) in Mali.<\/li><li>Seit 2014: Operation Chammal (in Irak und Syrien): Beteiligung an der Koalition gegen den Islamischen Staat.<\/li><\/ul>\t\t\t\t\t\t\t\t<\/div>\n\t\t\t\t<\/div>\n\t\t\t\t\t<\/div>\n\t\t<\/div>\n\t\t\t\t\t<\/div>\n\t\t<\/section>\n\t\t\t\t<\/div>","protected":false},"excerpt":{"rendered":"<p>Home Spezifikationen Land: Frankreich Schie\u00dfmodi: Drei-Schuss-Salve \/ Halbautomatik \/ Automatik Spezifikation: Sturmgewehr ... <a title=\"Real-Steel-Facts\" class=\"read-more\" href=\"https:\/\/www.home-of-famas.com\/de\/real-steel-facts\/\" aria-label=\"Mehr Informationen \u00fcber Real-Steel-Facts\">Weiterlesen ...<\/a><\/p>","protected":false},"author":3,"featured_media":0,"parent":0,"menu_order":0,"comment_status":"closed","ping_status":"closed","template":"elementor_canvas","meta":{"footnotes":""},"class_list":["post-1846","page","type-page","status-publish"],"_links":{"self":[{"href":"https:\/\/www.home-of-famas.com\/de\/wp-json\/wp\/v2\/pages\/1846","targetHints":{"allow":["GET"]}}],"collection":[{"href":"https:\/\/www.home-of-famas.com\/de\/wp-json\/wp\/v2\/pages"}],"about":[{"href":"https:\/\/www.home-of-famas.com\/de\/wp-json\/wp\/v2\/types\/page"}],"author":[{"embeddable":true,"href":"https:\/\/www.home-of-famas.com\/de\/wp-json\/wp\/v2\/users\/3"}],"replies":[{"embeddable":true,"href":"https:\/\/www.home-of-famas.com\/de\/wp-json\/wp\/v2\/comments?post=1846"}],"version-history":[{"count":0,"href":"https:\/\/www.home-of-famas.com\/de\/wp-json\/wp\/v2\/pages\/1846\/revisions"}],"wp:attachment":[{"href":"https:\/\/www.home-of-famas.com\/de\/wp-json\/wp\/v2\/media?parent=1846"}],"curies":[{"name":"wp","href":"https:\/\/api.w.org\/{rel}","templated":true}]}}