{"id":1846,"date":"2022-09-06T14:00:04","date_gmt":"2022-09-06T14:00:04","guid":{"rendered":"https:\/\/www.home-of-famas.com\/?page_id=1846"},"modified":"2022-10-07T10:15:42","modified_gmt":"2022-10-07T10:15:42","slug":"real-steel-facts","status":"publish","type":"page","link":"https:\/\/www.home-of-famas.com\/fr\/real-steel-facts\/","title":{"rendered":"Faits r\u00e9els sur l'acier"},"content":{"rendered":"<div data-elementor-type=\"wp-page\" data-elementor-id=\"1846\" class=\"elementor elementor-1846\">\n\t\t\t\t\t\t<section class=\"elementor-section elementor-top-section elementor-element elementor-element-4453ced elementor-section-boxed elementor-section-height-default elementor-section-height-default\" data-id=\"4453ced\" data-element_type=\"section\" data-e-type=\"section\">\n\t\t\t\t\t\t<div class=\"elementor-container elementor-column-gap-default\">\n\t\t\t\t\t<div class=\"elementor-column elementor-col-100 elementor-top-column elementor-element elementor-element-31d266d\" data-id=\"31d266d\" data-element_type=\"column\" data-e-type=\"column\">\n\t\t\t<div class=\"elementor-widget-wrap elementor-element-populated\">\n\t\t\t\t\t\t<div class=\"elementor-element elementor-element-dabeb8a elementor-align-center elementor-widget elementor-widget-button\" data-id=\"dabeb8a\" data-element_type=\"widget\" data-e-type=\"widget\" data-widget_type=\"button.default\">\n\t\t\t\t<div class=\"elementor-widget-container\">\n\t\t\t\t\t\t\t\t\t<div class=\"elementor-button-wrapper\">\n\t\t\t\t\t<a class=\"elementor-button elementor-button-link elementor-size-sm\" href=\"https:\/\/www.home-of-famas.com\/fr\/home\/\">\n\t\t\t\t\t\t<span class=\"elementor-button-content-wrapper\">\n\t\t\t\t\t\t\t\t\t<span class=\"elementor-button-text\">Page d'accueil<\/span>\n\t\t\t\t\t<\/span>\n\t\t\t\t\t<\/a>\n\t\t\t\t<\/div>\n\t\t\t\t\t\t\t\t<\/div>\n\t\t\t\t<\/div>\n\t\t\t\t\t<\/div>\n\t\t<\/div>\n\t\t\t\t\t<\/div>\n\t\t<\/section>\n\t\t\t\t<section class=\"elementor-section elementor-top-section elementor-element elementor-element-5dd82dd elementor-section-boxed elementor-section-height-default elementor-section-height-default\" data-id=\"5dd82dd\" data-element_type=\"section\" data-e-type=\"section\">\n\t\t\t\t\t\t<div class=\"elementor-container elementor-column-gap-default\">\n\t\t\t\t\t<div class=\"elementor-column elementor-col-50 elementor-top-column elementor-element elementor-element-7e4faba\" data-id=\"7e4faba\" data-element_type=\"column\" data-e-type=\"column\">\n\t\t\t<div class=\"elementor-widget-wrap elementor-element-populated\">\n\t\t\t\t\t\t<div class=\"elementor-element elementor-element-fb8c143 elementor-widget elementor-widget-heading\" data-id=\"fb8c143\" data-element_type=\"widget\" data-e-type=\"widget\" data-widget_type=\"heading.default\">\n\t\t\t\t<div class=\"elementor-widget-container\">\n\t\t\t\t\t<h1 class=\"elementor-heading-title elementor-size-default\">Sp\u00e9cifications<\/h1>\t\t\t\t<\/div>\n\t\t\t\t<\/div>\n\t\t\t\t<div class=\"elementor-element elementor-element-6ade9fb elementor-widget elementor-widget-text-editor\" data-id=\"6ade9fb\" data-element_type=\"widget\" data-e-type=\"widget\" data-widget_type=\"text-editor.default\">\n\t\t\t\t<div class=\"elementor-widget-container\">\n\t\t\t\t\t\t\t\t\t<ul><li>Pays : France<\/li><li>Modes de tir : salve de trois coups \/ semi-automatique \/ automatique<\/li><li>Sp\u00e9cification : Fusil d'assaut<\/li><li>Munition: 5,56 \u00d7 45 mm (F1) \/ 5,56 \u00d7 45 mm NATO (G2)<\/li><li>Fabricant : Manufacture nationale d'armes de St-Etienne -&gt; damals GIAT Industries -&gt; aujourd'hui Nexter - Systems<\/li><li>Dur\u00e9e de vie : d\u00e9veloppement \u00e0 partir de 1967, premi\u00e8re commande en 1978, livraison \u00e0 partir de 1979 (version F1) et 1995 (version G2)<\/li><\/ul><p style=\"text-align: center;\"><br \/><span style=\"text-decoration: underline;\"><strong>Poids et dimensions<\/strong><\/span><\/p><ul><li>Poids (sans charge) : 3 780 kg (F1) \/ 3 747 kg (G2)<\/li><li>Poids (charg\u00e9) : 4 370 kg (F1) \/ 4 170 kg (G2)<\/li><li>Longueur : 757 mm<\/li><\/ul><p style=\"text-align: center;\"><strong>Donn\u00e9es techniques<\/strong><\/p><ul><li>Type : Bullpup<\/li><li>Syst\u00e8me : fermeture de masse retard\u00e9e \/ chargeur \u00e0 recul<\/li><li>Visi\u00e8res ouvertes<\/li><li>Calibre : 5.56 x 45 mm<\/li><li>Longueur du canon : 488 mm<\/li><li>Taux de rotation : \u00e0 droite<\/li><li>Port\u00e9e maximale 3 200 m<\/li><li>Combat Distance 300 m<\/li><li>cadence de tir : 1.050 coups\/min (F1) \/ 1.150 coups\/min (G2)<\/li><li>V0: 960 m\/s (F1) \/ 925 m\/s (G2)<\/li><li>Capacit\u00e9 du chargeur : 25 coups (F1) \/ 30 coups (G2)<\/li><\/ul><p style=\"text-align: center;\"><br \/><span style=\"text-decoration: underline;\"><strong>Variantes<\/strong><\/span><\/p><ul><li>FAMAS F1<\/li><li>FAMAS G1<\/li><li>FAMAS G2<\/li><li>FAMAS Feline<\/li><li>FAMAS Command<\/li><li>FAMAS Civil<\/li><li>Version export de FAMAS<\/li><li>FAMAS Low Profile<\/li><\/ul><p style=\"text-align: center;\"><span style=\"text-decoration: underline;\"><strong>Co\u00fbts<\/strong><\/span><\/p><ul><li>Version F1 : environ 1.500,00 \u20ac.<\/li><li>Version G2 : environ 3 000,00 \u20ac.<\/li><\/ul>\t\t\t\t\t\t\t\t<\/div>\n\t\t\t\t<\/div>\n\t\t\t\t\t<\/div>\n\t\t<\/div>\n\t\t\t\t<div class=\"elementor-column elementor-col-50 elementor-top-column elementor-element elementor-element-85787d2\" data-id=\"85787d2\" data-element_type=\"column\" data-e-type=\"column\">\n\t\t\t<div class=\"elementor-widget-wrap elementor-element-populated\">\n\t\t\t\t\t\t<div class=\"elementor-element elementor-element-3ed1ccf elementor-widget elementor-widget-heading\" data-id=\"3ed1ccf\" data-element_type=\"widget\" data-e-type=\"widget\" data-widget_type=\"heading.default\">\n\t\t\t\t<div class=\"elementor-widget-container\">\n\t\t\t\t\t<h1 class=\"elementor-heading-title elementor-size-default\">Histoire<\/h1>\t\t\t\t<\/div>\n\t\t\t\t<\/div>\n\t\t\t\t<div class=\"elementor-element elementor-element-e6ba3ba elementor-widget elementor-widget-image\" data-id=\"e6ba3ba\" data-element_type=\"widget\" data-e-type=\"widget\" data-widget_type=\"image.default\">\n\t\t\t\t<div class=\"elementor-widget-container\">\n\t\t\t\t\t\t\t\t\t\t\t\t\t\t\t<img fetchpriority=\"high\" decoding=\"async\" width=\"1024\" height=\"678\" src=\"https:\/\/www.home-of-famas.com\/wp-content\/uploads\/2022\/08\/shutterstock_105885359-1024x678.jpg\" class=\"attachment-large size-large wp-image-1099\" alt=\"\" srcset=\"\" sizes=\"(max-width: 1024px) 100vw, 1024px\" data-srcset=\"\" \/>\t\t\t\t\t\t\t\t\t\t\t\t\t\t\t<\/div>\n\t\t\t\t<\/div>\n\t\t\t\t<div class=\"elementor-element elementor-element-3bce8b0 elementor-widget elementor-widget-text-editor\" data-id=\"3bce8b0\" data-element_type=\"widget\" data-e-type=\"widget\" data-widget_type=\"text-editor.default\">\n\t\t\t\t<div class=\"elementor-widget-container\">\n\t\t\t\t\t\t\t\t\t<p>Command\u00e9 par l'arm\u00e9e fran\u00e7aise dans les ann\u00e9es 1970, le FAMAS r\u00e9pondait au besoin d'une arme tactique performante, de petite taille et facile \u00e0 utiliser et \u00e0 entretenir. Le FAMAS a remplac\u00e9 le fusil FSA MAS 1949-56 de calibre 7,5 mm et le pistolet mitrailleur MAT 49 de calibre 9 \u00d7 19 mm Parabellum.<\/p><p>La premi\u00e8re version du FAMAS, appel\u00e9e F1, est vendue \u00e0 plus de 400.000 exemplaires en France et dans quelques autres pays (Djibouti, Gabon, S\u00e9n\u00e9gal et \u00c9mirats arabes unis) et parfois c\u00e9d\u00e9e \u00e0 des pays alli\u00e9s. Giat Industries produit ensuite une variante du G1, qui sert de transition vers le G2. Cette derni\u00e8re est conforme \u00e0 la norme STANAG 4719 de l'OTAN. En France, le G2 est utilis\u00e9 par la marine fran\u00e7aise.<\/p><p>D\u00e9velopp\u00e9e comme la plus moderne de son \u00e9poque, mais compliqu\u00e9e \u00e0 entretenir, cette arme n'a \u00e9t\u00e9 achet\u00e9e \u00e0 grande \u00e9chelle par aucun autre pays en raison de son co\u00fbt \u00e9lev\u00e9 (presque le double d'un fusil d'assaut M16 am\u00e9ricain). De plus, l'\u00e9tat-major fran\u00e7ais avait initialement refus\u00e9 les demandes d'exportation de cette arme afin de satisfaire rapidement les besoins de l'arm\u00e9e fran\u00e7aise, les arm\u00e9es occidentales utilisant \u00e0 l'\u00e9poque souvent des armes d'origine am\u00e9ricaine, belge (FN) ou autrichienne (Steyr AUG).<\/p>\t\t\t\t\t\t\t\t<\/div>\n\t\t\t\t<\/div>\n\t\t\t\t<div class=\"elementor-element elementor-element-72d7af0 elementor-widget elementor-widget-image\" data-id=\"72d7af0\" data-element_type=\"widget\" data-e-type=\"widget\" data-widget_type=\"image.default\">\n\t\t\t\t<div class=\"elementor-widget-container\">\n\t\t\t\t\t\t\t\t\t\t\t\t\t\t\t<img decoding=\"async\" width=\"1024\" height=\"684\" src=\"https:\/\/www.home-of-famas.com\/wp-content\/uploads\/2022\/09\/shutterstock_1121662637-1024x684.jpg\" class=\"attachment-large size-large wp-image-1878\" alt=\"\" srcset=\"\" sizes=\"(max-width: 1024px) 100vw, 1024px\" data-srcset=\"\" \/>\t\t\t\t\t\t\t\t\t\t\t\t\t\t\t<\/div>\n\t\t\t\t<\/div>\n\t\t\t\t\t<\/div>\n\t\t<\/div>\n\t\t\t\t\t<\/div>\n\t\t<\/section>\n\t\t\t\t<section class=\"elementor-section elementor-top-section elementor-element elementor-element-a9fa035 elementor-section-boxed elementor-section-height-default elementor-section-height-default\" data-id=\"a9fa035\" data-element_type=\"section\" data-e-type=\"section\">\n\t\t\t\t\t\t<div class=\"elementor-container elementor-column-gap-default\">\n\t\t\t\t\t<div class=\"elementor-column elementor-col-100 elementor-top-column elementor-element elementor-element-df04545\" data-id=\"df04545\" data-element_type=\"column\" data-e-type=\"column\">\n\t\t\t<div class=\"elementor-widget-wrap elementor-element-populated\">\n\t\t\t\t\t\t<div class=\"elementor-element elementor-element-8f5ce05 elementor-widget elementor-widget-heading\" data-id=\"8f5ce05\" data-element_type=\"widget\" data-e-type=\"widget\" data-widget_type=\"heading.default\">\n\t\t\t\t<div class=\"elementor-widget-container\">\n\t\t\t\t\t<h2 class=\"elementor-heading-title elementor-size-default\">Entre 1980 et 2015, le FAMAS a \u00e9t\u00e9 utilis\u00e9 par les soldats fran\u00e7ais lors de diff\u00e9rentes op\u00e9rations militaires.<\/h2>\t\t\t\t<\/div>\n\t\t\t\t<\/div>\n\t\t\t\t<div class=\"elementor-element elementor-element-985908d elementor-widget elementor-widget-text-editor\" data-id=\"985908d\" data-element_type=\"widget\" data-e-type=\"widget\" data-widget_type=\"text-editor.default\">\n\t\t\t\t<div class=\"elementor-widget-container\">\n\t\t\t\t\t\t\t\t\t<ul><li>1982 : Force multinationale de s\u00e9curit\u00e9 \u00e0 Beyrouth (FMSB) au Liban, puis Force int\u00e9rimaire des Nations unies au Liban (FINUL).<\/li><li>1983-1984 : Op\u00e9ration Manta au Tchad.<\/li><li>1986-2014 : Op\u00e9ration Sparrowhawk (remplac\u00e9e en 2014 par l'op\u00e9ration Barkhane) au Tchad.<\/li><li>1992-1999 : mission Iskoutir \u00e0 Djibouti.<\/li><li>1990 et 1992 : Op\u00e9ration Noro\u00eet au Rwanda.<\/li><li>1992 : Force de l'ONU \u00e0 Sarajevo en Bosnie.<\/li><li>1995-1996 : Force de stabilisation (SFOR) et Force de mise en \u0153uvre (IFOR) en Bosnie-Herz\u00e9govine.<\/li><li>1996 : mission Almandin en R\u00e9publique centrafricaine.<\/li><li>1997 : Mission P\u00e9lican en R\u00e9publique du Congo.<\/li><li>2000 : La Force de paix au Kosovo (KFOR) entre au Kosovo.<\/li><li>De 2003 \u00e0 2014 : guerre en Afghanistan.<\/li><li>2002, 2004, 2006 et 2010 : Op\u00e9ration Licorne en R\u00e9publique de C\u00f4te d'Ivoire.<\/li><li>Depuis 2013 : Op\u00e9ration Serval (puis Barkhane ) au Mali.<\/li><li>Depuis 2014 : Op\u00e9ration Chammal (en Irak et en Syrie) : Participation \u00e0 la coalition contre l'\u00c9tat islamique.<\/li><\/ul>\t\t\t\t\t\t\t\t<\/div>\n\t\t\t\t<\/div>\n\t\t\t\t\t<\/div>\n\t\t<\/div>\n\t\t\t\t\t<\/div>\n\t\t<\/section>\n\t\t\t\t<\/div>","protected":false},"excerpt":{"rendered":"<p>Accueil Sp\u00e9cifications Pays : France Modes de tir : rafale de trois coups \/ semi-automatique \/ automatique Sp\u00e9cification : fusil d'assaut ... <a title=\"Faits r\u00e9els sur l&#039;acier\" class=\"read-more\" href=\"https:\/\/www.home-of-famas.com\/fr\/real-steel-facts\/\" aria-label=\"En savoir plus sur Real-Steel-Facts\">Lire plus<\/a><\/p>","protected":false},"author":3,"featured_media":0,"parent":0,"menu_order":0,"comment_status":"closed","ping_status":"closed","template":"elementor_canvas","meta":{"footnotes":""},"class_list":["post-1846","page","type-page","status-publish"],"_links":{"self":[{"href":"https:\/\/www.home-of-famas.com\/fr\/wp-json\/wp\/v2\/pages\/1846","targetHints":{"allow":["GET"]}}],"collection":[{"href":"https:\/\/www.home-of-famas.com\/fr\/wp-json\/wp\/v2\/pages"}],"about":[{"href":"https:\/\/www.home-of-famas.com\/fr\/wp-json\/wp\/v2\/types\/page"}],"author":[{"embeddable":true,"href":"https:\/\/www.home-of-famas.com\/fr\/wp-json\/wp\/v2\/users\/3"}],"replies":[{"embeddable":true,"href":"https:\/\/www.home-of-famas.com\/fr\/wp-json\/wp\/v2\/comments?post=1846"}],"version-history":[{"count":0,"href":"https:\/\/www.home-of-famas.com\/fr\/wp-json\/wp\/v2\/pages\/1846\/revisions"}],"wp:attachment":[{"href":"https:\/\/www.home-of-famas.com\/fr\/wp-json\/wp\/v2\/media?parent=1846"}],"curies":[{"name":"wp","href":"https:\/\/api.w.org\/{rel}","templated":true}]}}