{"id":1917,"date":"2022-10-07T07:53:54","date_gmt":"2022-10-07T07:53:54","guid":{"rendered":"https:\/\/www.home-of-famas.com\/?page_id=1917"},"modified":"2023-09-05T13:30:08","modified_gmt":"2023-09-05T13:30:08","slug":"elementor-1917","status":"publish","type":"page","link":"https:\/\/www.home-of-famas.com\/fr\/elementor-1917\/","title":{"rendered":"GBBR-Replica-Facts"},"content":{"rendered":"<div data-elementor-type=\"wp-page\" data-elementor-id=\"1917\" class=\"elementor elementor-1917\">\n\t\t\t\t\t\t<section class=\"elementor-section elementor-top-section elementor-element elementor-element-f2d2ec3 elementor-section-boxed elementor-section-height-default elementor-section-height-default\" data-id=\"f2d2ec3\" data-element_type=\"section\" data-e-type=\"section\">\n\t\t\t\t\t\t<div class=\"elementor-container elementor-column-gap-default\">\n\t\t\t\t\t<div class=\"elementor-column elementor-col-100 elementor-top-column elementor-element elementor-element-332e690\" data-id=\"332e690\" data-element_type=\"column\" data-e-type=\"column\">\n\t\t\t<div class=\"elementor-widget-wrap elementor-element-populated\">\n\t\t\t\t\t\t<div class=\"elementor-element elementor-element-2efacdd elementor-align-center elementor-widget elementor-widget-button\" data-id=\"2efacdd\" data-element_type=\"widget\" data-e-type=\"widget\" data-widget_type=\"button.default\">\n\t\t\t\t<div class=\"elementor-widget-container\">\n\t\t\t\t\t\t\t\t\t<div class=\"elementor-button-wrapper\">\n\t\t\t\t\t<a class=\"elementor-button elementor-button-link elementor-size-sm\" href=\"https:\/\/www.home-of-famas.com\/fr\/home\/\">\n\t\t\t\t\t\t<span class=\"elementor-button-content-wrapper\">\n\t\t\t\t\t\t\t\t\t<span class=\"elementor-button-text\">Page d'accueil<\/span>\n\t\t\t\t\t<\/span>\n\t\t\t\t\t<\/a>\n\t\t\t\t<\/div>\n\t\t\t\t\t\t\t\t<\/div>\n\t\t\t\t<\/div>\n\t\t\t\t\t<\/div>\n\t\t<\/div>\n\t\t\t\t\t<\/div>\n\t\t<\/section>\n\t\t\t\t<section class=\"elementor-section elementor-top-section elementor-element elementor-element-73b3975 elementor-section-boxed elementor-section-height-default elementor-section-height-default\" data-id=\"73b3975\" data-element_type=\"section\" data-e-type=\"section\">\n\t\t\t\t\t\t<div class=\"elementor-container elementor-column-gap-default\">\n\t\t\t\t\t<div class=\"elementor-column elementor-col-50 elementor-top-column elementor-element elementor-element-dcfbbcb\" data-id=\"dcfbbcb\" data-element_type=\"column\" data-e-type=\"column\">\n\t\t\t<div class=\"elementor-widget-wrap elementor-element-populated\">\n\t\t\t\t\t\t<div class=\"elementor-element elementor-element-496749c elementor-widget elementor-widget-heading\" data-id=\"496749c\" data-element_type=\"widget\" data-e-type=\"widget\" data-widget_type=\"heading.default\">\n\t\t\t\t<div class=\"elementor-widget-container\">\n\t\t\t\t\t<h1 class=\"elementor-heading-title elementor-size-default\">Sp\u00e9cifications<\/h1>\t\t\t\t<\/div>\n\t\t\t\t<\/div>\n\t\t\t\t<div class=\"elementor-element elementor-element-27d2f96 elementor-widget elementor-widget-text-editor\" data-id=\"27d2f96\" data-element_type=\"widget\" data-e-type=\"widget\" data-widget_type=\"text-editor.default\">\n\t\t\t\t<div class=\"elementor-widget-container\">\n\t\t\t\t\t\t\t\t\t<ul>\n<li>Pays du projet : Allemagne<\/li>\n<li>Modes de tir : salve de trois coups \/ semi-automatique \/ automatique<\/li>\n<li>Sp\u00e9cification : Fusil d'assaut<\/li>\n<li>Munitions : 6mm BB jusqu'\u00e0 0,30 g<\/li>\n<li>Vendeur : northeast Airsoft TW<\/li>\n<li>Dur\u00e9e de vie : Projet d\u00e9marr\u00e9 en 03.2021 ; date estim\u00e9e de fin de production ; fin 2023<\/li>\n<li>Titulaire de la licence : Cybergun\/Evike<\/li>\n<\/ul>\n<p style=\"text-align: center;\"><span style=\"text-decoration: underline;\"><strong>Poids et dimensions<\/strong><\/span><\/p>\n<ul>\n<li>Poids (non charg\u00e9) : 3,6 kg<\/li>\n<li>Poids du chargeur : 0,340 kg<\/li>\n<li>Longueur : 757 mm<\/li>\n<\/ul>\n<p style=\"text-align: center;\"><span style=\"text-decoration: underline;\"><strong>Donn\u00e9es techniques<\/strong><\/span><\/p>\n<ul>\n<li>Type : Bullpup<\/li>\n<li>Le syst\u00e8me : Gaz de soufflage<\/li>\n<li>Visi\u00e8res ouvertes<\/li>\n<li>Calibre : 6 mm BB<\/li>\n<li>Longueur du canon : 488 mm<\/li>\n<li>canon : rev\u00eatu 6,03 mm<\/li>\n<li>\u00c9nergie initiale : 1,0 \/ 1,6 \/ 2,4 J (selon le pays et le type de nozzle)<\/li>\n<li>Taux de tir: 800 - 850 Schuss\/min<\/li>\n<li>Capacit\u00e9 du chargeur : 25 cartouches \/ type gaz<\/li>\n<li>Mat\u00e9riaux : acier, aluminium, fibre de nylon<\/li>\n<\/ul>\n<p style=\"text-align: center;\"><b><u>Particularit\u00e9s<\/u><\/b><\/p>\n<ul>\n<li>Full-travel bolt<\/li><li>amovible short-stroke Syst\u00e8me<\/li>\n<li>R\u00e9aliste bolt conception<\/li>\n<li>Syst\u00e8me de vis\u00e9e r\u00e9aliste<\/li>\n<li>D\u00e9montage fid\u00e8le \u00e0 l'original<\/li>\n<li>Marche \u00e0 oscillation libre<\/li>\n<li>Bipied amovible<\/li>\n<li>Groupe de d\u00e9tente r\u00e9aliste<\/li>\n<li>Internes en acier<\/li>\n<li>Gen2 Hop-Up<\/li>\n<li>Vis\u00e9e grenade fonctionnelle et r\u00e9glage du canon<\/li>\n<li>Marques originales<\/li>\n<li>Num\u00e9ro de s\u00e9rie unique<\/li>\n<li>Num\u00e9ro de s\u00e9rie Cybergun \u00e0 l'int\u00e9rieur (pour les collectionneurs)<\/li>\n<li>Compatible avec les pi\u00e8ces en acier v\u00e9ritable comme : bo\u00eetier, ba\u00efonnette<\/li>\n<li>Changement facile du nozzle<\/li>\n<\/ul>\n<p style=\"text-align: center;\"><b><u>Produits suppl\u00e9mentaires<\/u><\/b><\/p>\n<ul>\n<li>Ba\u00efonnette avec lame en caoutchouc<\/li>\n<li>AIM-2000 Laser avec interrupteur \u00e0 c\u00e2ble (\u00e9galement version factice)<\/li>\n<li>Syst\u00e8me de rail \u00e0 trois supports CNC<\/li>\n<li>Poign\u00e9e avant fabriqu\u00e9e par CNC<\/li>\n<li>Bo\u00eetier sup\u00e9rieur tactique avec syst\u00e8me de rails sup\u00e9rieurs et lat\u00e9raux usin\u00e9s CNC<\/li>\n<li>Magazine sur le gaz<\/li>\n<li>Bouteille d'huile de conception originale, remplie de silicone ; raccord pour la poign\u00e9e.<\/li>\n<\/ul>\t\t\t\t\t\t\t\t<\/div>\n\t\t\t\t<\/div>\n\t\t\t\t<div class=\"elementor-element elementor-element-f026b42 elementor-hidden-mobile elementor-widget elementor-widget-spacer\" data-id=\"f026b42\" data-element_type=\"widget\" data-e-type=\"widget\" data-widget_type=\"spacer.default\">\n\t\t\t\t<div class=\"elementor-widget-container\">\n\t\t\t\t\t\t\t<div class=\"elementor-spacer\">\n\t\t\t<div class=\"elementor-spacer-inner\"><\/div>\n\t\t<\/div>\n\t\t\t\t\t\t<\/div>\n\t\t\t\t<\/div>\n\t\t\t\t<div class=\"elementor-element elementor-element-d5c538a elementor-position-right elementor-vertical-align-middle elementor-hidden-mobile elementor-widget elementor-widget-image-box\" data-id=\"d5c538a\" data-element_type=\"widget\" data-e-type=\"widget\" data-widget_type=\"image-box.default\">\n\t\t\t\t<div class=\"elementor-widget-container\">\n\t\t\t\t\t<div class=\"elementor-image-box-wrapper\"><figure class=\"elementor-image-box-img\"><img fetchpriority=\"high\" decoding=\"async\" width=\"5472\" height=\"3648\" src=\"https:\/\/www.home-of-famas.com\/wp-content\/uploads\/2022\/08\/ok21.png\" class=\"elementor-animation-grow attachment-full size-full wp-image-1166\" alt=\"\" srcset=\"https:\/\/www.home-of-famas.com\/wp-content\/uploads\/2022\/08\/ok21.png 5472w, https:\/\/www.home-of-famas.com\/wp-content\/uploads\/2022\/08\/ok21-300x200.png 300w, https:\/\/www.home-of-famas.com\/wp-content\/uploads\/2022\/08\/ok21-1024x683.png 1024w, https:\/\/www.home-of-famas.com\/wp-content\/uploads\/2022\/08\/ok21-768x512.png 768w, https:\/\/www.home-of-famas.com\/wp-content\/uploads\/2022\/08\/ok21-1536x1024.png 1536w, https:\/\/www.home-of-famas.com\/wp-content\/uploads\/2022\/08\/ok21-2048x1365.png 2048w\" sizes=\"(max-width: 5472px) 100vw, 5472px\" \/><\/figure><div class=\"elementor-image-box-content\"><h3 class=\"elementor-image-box-title\">Stockage des bidons d'huile<\/h3><\/div><\/div>\t\t\t\t<\/div>\n\t\t\t\t<\/div>\n\t\t\t\t<div class=\"elementor-element elementor-element-a629d1b elementor-position-right elementor-vertical-align-middle elementor-hidden-mobile elementor-widget elementor-widget-image-box\" data-id=\"a629d1b\" data-element_type=\"widget\" data-e-type=\"widget\" data-widget_type=\"image-box.default\">\n\t\t\t\t<div class=\"elementor-widget-container\">\n\t\t\t\t\t<div class=\"elementor-image-box-wrapper\"><figure class=\"elementor-image-box-img\"><img decoding=\"async\" width=\"1920\" height=\"1280\" src=\"https:\/\/www.home-of-famas.com\/wp-content\/uploads\/2023\/07\/IMG_0799-1.png\" class=\"elementor-animation-grow attachment-full size-full wp-image-2215\" alt=\"\" srcset=\"https:\/\/www.home-of-famas.com\/wp-content\/uploads\/2023\/07\/IMG_0799-1.png 1920w, https:\/\/www.home-of-famas.com\/wp-content\/uploads\/2023\/07\/IMG_0799-1-300x200.png 300w, https:\/\/www.home-of-famas.com\/wp-content\/uploads\/2023\/07\/IMG_0799-1-1024x683.png 1024w, https:\/\/www.home-of-famas.com\/wp-content\/uploads\/2023\/07\/IMG_0799-1-768x512.png 768w, https:\/\/www.home-of-famas.com\/wp-content\/uploads\/2023\/07\/IMG_0799-1-1536x1024.png 1536w\" sizes=\"(max-width: 1920px) 100vw, 1920px\" \/><\/figure><div class=\"elementor-image-box-content\"><h3 class=\"elementor-image-box-title\">Groupe de d\u00e9duction<\/h3><\/div><\/div>\t\t\t\t<\/div>\n\t\t\t\t<\/div>\n\t\t\t\t\t<\/div>\n\t\t<\/div>\n\t\t\t\t<div class=\"elementor-column elementor-col-50 elementor-top-column elementor-element elementor-element-c759555\" data-id=\"c759555\" data-element_type=\"column\" data-e-type=\"column\">\n\t\t\t<div class=\"elementor-widget-wrap elementor-element-populated\">\n\t\t\t\t\t\t<div class=\"elementor-element elementor-element-cef0325 elementor-widget elementor-widget-heading\" data-id=\"cef0325\" data-element_type=\"widget\" data-e-type=\"widget\" data-widget_type=\"heading.default\">\n\t\t\t\t<div class=\"elementor-widget-container\">\n\t\t\t\t\t<h1 class=\"elementor-heading-title elementor-size-default\">Le projet<\/h1>\t\t\t\t<\/div>\n\t\t\t\t<\/div>\n\t\t\t\t<div class=\"elementor-element elementor-element-87d4a31 elementor-widget elementor-widget-image\" data-id=\"87d4a31\" data-element_type=\"widget\" data-e-type=\"widget\" data-widget_type=\"image.default\">\n\t\t\t\t<div class=\"elementor-widget-container\">\n\t\t\t\t\t\t\t\t\t\t\t\t\t\t\t<img decoding=\"async\" src=\"https:\/\/www.home-of-famas.com\/wp-content\/uploads\/elementor\/thumbs\/IMG_0629-q995btc9r32bkvgzmrntvsri7h2e9i31c5aeyfydgg.png\" title=\"IMG_0629\" alt=\"IMG_0629\" loading=\"lazy\" \/>\t\t\t\t\t\t\t\t\t\t\t\t\t\t\t<\/div>\n\t\t\t\t<\/div>\n\t\t\t\t<div class=\"elementor-element elementor-element-80e2339 elementor-widget elementor-widget-text-editor\" data-id=\"80e2339\" data-element_type=\"widget\" data-e-type=\"widget\" data-widget_type=\"text-editor.default\">\n\t\t\t\t<div class=\"elementor-widget-container\">\n\t\t\t\t\t\t\t\t\t<p><strong><span style=\"text-decoration: underline;\">Il faut que ce soit nouveau :<\/span><\/strong><\/p><p>Le Famas est un fusil tr\u00e8s fonctionnel et de conception sp\u00e9ciale. Presque tout le monde conna\u00eet ce type de fusil gr\u00e2ce aux jeux vid\u00e9o, aux films ou m\u00eame aux d\u00e9buts de l'airsoft, o\u00f9 l'un des premiers fusils \u00e9tait un AEG-Famas.\u00a0<\/p><p>Nous voulons satisfaire tous les besoins des joueurs et des collectionneurs.<\/p><p><strong><span style=\"text-decoration: underline;\">Rechercher le bon partenaire<\/span><\/strong><\/p><p>Un fabricant doit \u00eatre recherch\u00e9 et nous avons finalement trouv\u00e9 l'une des meilleures entreprises actuelles en mati\u00e8re de conception et de production : northeast airsoft.<\/p><p>La jeune entreprise avec des employ\u00e9s qui travaillent depuis de nombreuses ann\u00e9es dans la branche de l'airsoft, aime les projets non standards, comme le STEN-gun et le MP2-A1 UZI. Le Famas est l'une des armes les plus \u00e9labor\u00e9es de notre \u00e9poque et repr\u00e9sente un d\u00e9fi particulier pour le fabricant.   - Un projet parfait pour le nord-est -\u00a0\u00a0<\/p><p>L'ing\u00e9nierie inverse a constitu\u00e9 un d\u00e9fi majeur. Nous avons utilis\u00e9 des photos, des vid\u00e9os, des pi\u00e8ces d\u00e9tach\u00e9es, des manuels et m\u00eame des affiches pour redonner vie au mod\u00e8le.\u00a0<\/p><p>Nous avons lu des livres, consult\u00e9 des rapports, cherch\u00e9 de la documentation et m\u00eame visit\u00e9 des entreprises qui poss\u00e8dent encore des armes de r\u00e9f\u00e9rence pour prendre des photos et mesurer des pi\u00e8ces individuelles.<\/p><p>Nous avons \u00e9galement beaucoup r\u00e9fl\u00e9chi pour trouver les bons mat\u00e9riaux. La durabilit\u00e9 et la stabilit\u00e9 ont \u00e9t\u00e9 privil\u00e9gi\u00e9es. Seul le corps en fibre de verre n'a pas pu \u00eatre r\u00e9alis\u00e9 et nous avons opt\u00e9 pour le polyamide en fibre de nylon. 2 crit\u00e8res ont \u00e9t\u00e9 d\u00e9cisifs : le corps aurait d\u00fb \u00eatre fabriqu\u00e9 \u00e0 la main et aurait \u00e9t\u00e9 trop cher pour le march\u00e9 de l'airsoft et m\u00eame la version G2, lorsqu'elle a \u00e9t\u00e9 d\u00e9velopp\u00e9e plus tard, a renonc\u00e9 \u00e0 ce mat\u00e9riau pour des raisons de co\u00fbt. Cependant, la surface du mat\u00e9riau a \u00e9t\u00e9 model\u00e9e sur le corps original du F1 perfect.<\/p><p><strong><span style=\"text-decoration: underline;\">Qu'en est-il des licences, des collectionneurs, etc.<\/span><\/strong><\/p><p><span style=\"color: var( --e-global-color-text ); background-color: var(--base);\">Comme nous l'avons dit au d\u00e9but, nous avons con\u00e7u une r\u00e9plique pour de nombreux domaines.<\/span><\/p><p>Pour satisfaire les collectionneurs, nous avons fait appel \u00e0 Cybergun. Ils nous ont accompagn\u00e9s au cours des derniers mois, s'occupant de la conception de l'emballage, des goodies et du marketing. Cybergun nous a \u00e9galement aid\u00e9s \u00e0 trouver le fabricant de la bouteille d'huile originale, afin que nous puissions produire une nouvelle \u00e9dition des bouteilles. Il \u00e9tait toujours int\u00e9ressant de discuter des sujets et de trouver une bonne voie commune.<\/p><p><span style=\"text-decoration: underline;\"><strong>Qu'en est-il du service ?\u00a0<\/strong><\/span><\/p><p>M\u00eame si les mat\u00e9riaux ont \u00e9t\u00e9 choisis \u00e0 un niveau tr\u00e8s \u00e9lev\u00e9, quelque chose peut toujours se briser dans le jeu. Nous offrons ici la possibilit\u00e9 de commander n'importe quelle pi\u00e8ce d\u00e9tach\u00e9e de l'arme directement aupr\u00e8s de nous et de certains distributeurs. Une grande disponibilit\u00e9 et une livraison rapide sont notre objectif pour aider rapidement tous les utilisateurs de Famas.<\/p><p>\u00a0<\/p><p>\u00a0<\/p>\t\t\t\t\t\t\t\t<\/div>\n\t\t\t\t<\/div>\n\t\t\t\t<div class=\"elementor-element elementor-element-0aeea9d elementor-position-right elementor-vertical-align-middle elementor-widget elementor-widget-image-box\" data-id=\"0aeea9d\" data-element_type=\"widget\" data-e-type=\"widget\" data-widget_type=\"image-box.default\">\n\t\t\t\t<div class=\"elementor-widget-container\">\n\t\t\t\t\t<div class=\"elementor-image-box-wrapper\"><figure class=\"elementor-image-box-img\"><img decoding=\"async\" width=\"1024\" height=\"683\" src=\"https:\/\/www.home-of-famas.com\/wp-content\/uploads\/2023\/07\/IMG_0804-1-1024x683.png\" class=\"elementor-animation-grow attachment-large size-large wp-image-2219\" alt=\"\" srcset=\"\" sizes=\"(max-width: 1024px) 100vw, 1024px\" data-srcset=\"\" \/><\/figure><div class=\"elementor-image-box-content\"><h3 class=\"elementor-image-box-title\">Conception des boulons<\/h3><\/div><\/div>\t\t\t\t<\/div>\n\t\t\t\t<\/div>\n\t\t\t\t<div class=\"elementor-element elementor-element-0109c5c elementor-position-right elementor-vertical-align-middle elementor-widget elementor-widget-image-box\" data-id=\"0109c5c\" data-element_type=\"widget\" data-e-type=\"widget\" data-widget_type=\"image-box.default\">\n\t\t\t\t<div class=\"elementor-widget-container\">\n\t\t\t\t\t<div class=\"elementor-image-box-wrapper\"><figure class=\"elementor-image-box-img\"><img loading=\"lazy\" decoding=\"async\" width=\"768\" height=\"1152\" src=\"https:\/\/www.home-of-famas.com\/wp-content\/uploads\/2023\/07\/IMG_0847-768x1152.png\" class=\"elementor-animation-grow attachment-medium_large size-medium_large wp-image-2106\" alt=\"\" srcset=\"\" sizes=\"(max-width: 768px) 100vw, 768px\" data-srcset=\"\" \/><\/figure><div class=\"elementor-image-box-content\"><h3 class=\"elementor-image-box-title\">Syst\u00e8me de vis\u00e9e arri\u00e8re<\/h3><\/div><\/div>\t\t\t\t<\/div>\n\t\t\t\t<\/div>\n\t\t\t\t\t<\/div>\n\t\t<\/div>\n\t\t\t\t\t<\/div>\n\t\t<\/section>\n\t\t\t\t<section class=\"elementor-section elementor-top-section elementor-element elementor-element-65670dd elementor-section-boxed elementor-section-height-default elementor-section-height-default\" data-id=\"65670dd\" data-element_type=\"section\" data-e-type=\"section\">\n\t\t\t\t\t\t<div class=\"elementor-container elementor-column-gap-default\">\n\t\t\t\t\t<div class=\"elementor-column elementor-col-100 elementor-top-column elementor-element elementor-element-0e9a891\" data-id=\"0e9a891\" data-element_type=\"column\" data-e-type=\"column\">\n\t\t\t<div class=\"elementor-widget-wrap elementor-element-populated\">\n\t\t\t\t\t\t<div class=\"elementor-element elementor-element-f91a8b4 elementor-position-right elementor-vertical-align-middle elementor-hidden-desktop elementor-widget elementor-widget-image-box\" data-id=\"f91a8b4\" data-element_type=\"widget\" data-e-type=\"widget\" data-widget_type=\"image-box.default\">\n\t\t\t\t<div class=\"elementor-widget-container\">\n\t\t\t\t\t<div class=\"elementor-image-box-wrapper\"><figure class=\"elementor-image-box-img\"><img fetchpriority=\"high\" decoding=\"async\" width=\"5472\" height=\"3648\" src=\"https:\/\/www.home-of-famas.com\/wp-content\/uploads\/2022\/08\/ok21.png\" class=\"elementor-animation-grow attachment-full size-full wp-image-1166\" alt=\"\" srcset=\"https:\/\/www.home-of-famas.com\/wp-content\/uploads\/2022\/08\/ok21.png 5472w, https:\/\/www.home-of-famas.com\/wp-content\/uploads\/2022\/08\/ok21-300x200.png 300w, https:\/\/www.home-of-famas.com\/wp-content\/uploads\/2022\/08\/ok21-1024x683.png 1024w, https:\/\/www.home-of-famas.com\/wp-content\/uploads\/2022\/08\/ok21-768x512.png 768w, https:\/\/www.home-of-famas.com\/wp-content\/uploads\/2022\/08\/ok21-1536x1024.png 1536w, https:\/\/www.home-of-famas.com\/wp-content\/uploads\/2022\/08\/ok21-2048x1365.png 2048w\" sizes=\"(max-width: 5472px) 100vw, 5472px\" \/><\/figure><div class=\"elementor-image-box-content\"><h3 class=\"elementor-image-box-title\">Stockage des bidons d'huile<\/h3><\/div><\/div>\t\t\t\t<\/div>\n\t\t\t\t<\/div>\n\t\t\t\t<div class=\"elementor-element elementor-element-1ac4a6c elementor-position-right elementor-vertical-align-middle elementor-hidden-desktop elementor-widget elementor-widget-image-box\" data-id=\"1ac4a6c\" data-element_type=\"widget\" data-e-type=\"widget\" data-widget_type=\"image-box.default\">\n\t\t\t\t<div class=\"elementor-widget-container\">\n\t\t\t\t\t<div class=\"elementor-image-box-wrapper\"><figure class=\"elementor-image-box-img\"><img decoding=\"async\" width=\"1920\" height=\"1280\" src=\"https:\/\/www.home-of-famas.com\/wp-content\/uploads\/2023\/07\/IMG_0799-1.png\" class=\"elementor-animation-grow attachment-full size-full wp-image-2215\" alt=\"\" srcset=\"https:\/\/www.home-of-famas.com\/wp-content\/uploads\/2023\/07\/IMG_0799-1.png 1920w, https:\/\/www.home-of-famas.com\/wp-content\/uploads\/2023\/07\/IMG_0799-1-300x200.png 300w, https:\/\/www.home-of-famas.com\/wp-content\/uploads\/2023\/07\/IMG_0799-1-1024x683.png 1024w, https:\/\/www.home-of-famas.com\/wp-content\/uploads\/2023\/07\/IMG_0799-1-768x512.png 768w, https:\/\/www.home-of-famas.com\/wp-content\/uploads\/2023\/07\/IMG_0799-1-1536x1024.png 1536w\" sizes=\"(max-width: 1920px) 100vw, 1920px\" \/><\/figure><div class=\"elementor-image-box-content\"><h3 class=\"elementor-image-box-title\">Groupe de d\u00e9duction<\/h3><\/div><\/div>\t\t\t\t<\/div>\n\t\t\t\t<\/div>\n\t\t\t\t\t<\/div>\n\t\t<\/div>\n\t\t\t\t\t<\/div>\n\t\t<\/section>\n\t\t\t\t<\/div>","protected":false},"excerpt":{"rendered":"<p>Accueil Sp\u00e9cifications Pays du projet : Allemagne Modes de tir : rafale \u00e0 trois coups \/ semi-automatique \/ automatique (selon ... <a title=\"GBBR-Replica-Facts\" class=\"read-more\" href=\"https:\/\/www.home-of-famas.com\/fr\/elementor-1917\/\" aria-label=\"En savoir plus sur GBBR-Replica-Facts\">Lire plus<\/a><\/p>","protected":false},"author":3,"featured_media":0,"parent":0,"menu_order":0,"comment_status":"closed","ping_status":"closed","template":"elementor_canvas","meta":{"footnotes":""},"class_list":["post-1917","page","type-page","status-publish"],"_links":{"self":[{"href":"https:\/\/www.home-of-famas.com\/fr\/wp-json\/wp\/v2\/pages\/1917","targetHints":{"allow":["GET"]}}],"collection":[{"href":"https:\/\/www.home-of-famas.com\/fr\/wp-json\/wp\/v2\/pages"}],"about":[{"href":"https:\/\/www.home-of-famas.com\/fr\/wp-json\/wp\/v2\/types\/page"}],"author":[{"embeddable":true,"href":"https:\/\/www.home-of-famas.com\/fr\/wp-json\/wp\/v2\/users\/3"}],"replies":[{"embeddable":true,"href":"https:\/\/www.home-of-famas.com\/fr\/wp-json\/wp\/v2\/comments?post=1917"}],"version-history":[{"count":0,"href":"https:\/\/www.home-of-famas.com\/fr\/wp-json\/wp\/v2\/pages\/1917\/revisions"}],"wp:attachment":[{"href":"https:\/\/www.home-of-famas.com\/fr\/wp-json\/wp\/v2\/media?parent=1917"}],"curies":[{"name":"wp","href":"https:\/\/api.w.org\/{rel}","templated":true}]}}